{"id":2,"date":"2019-04-03T16:27:09","date_gmt":"2019-04-03T14:27:09","guid":{"rendered":"http:\/\/colocationangers.com\/?page_id=2"},"modified":"2022-06-29T13:56:06","modified_gmt":"2022-06-29T11:56:06","slug":"page-d-exemple","status":"publish","type":"page","link":"http:\/\/colocationangers.com\/","title":{"rendered":""},"content":{"rendered":"<table style=\"height: 193px;\" width=\"1256\">\n<tbody>\n<tr>\n<td><img loading=\"lazy\" class=\"alignnone wp-image-60 size-medium\" src=\"http:\/\/colocationangers.com\/wp-content\/uploads\/2020\/08\/BdBedier-300x168.jpg\" alt=\"\" width=\"300\" height=\"168\" srcset=\"http:\/\/colocationangers.com\/wp-content\/uploads\/2020\/08\/BdBedier-300x168.jpg 300w, http:\/\/colocationangers.com\/wp-content\/uploads\/2020\/08\/BdBedier-768x431.jpg 768w, http:\/\/colocationangers.com\/wp-content\/uploads\/2020\/08\/BdBedier-1024x575.jpg 1024w, http:\/\/colocationangers.com\/wp-content\/uploads\/2020\/08\/BdBedier-1200x674.jpg 1200w, http:\/\/colocationangers.com\/wp-content\/uploads\/2020\/08\/BdBedier.jpg 1286w\" sizes=\"(max-width: 300px) 85vw, 300px\" \/><\/td>\n<td><a href=\"http:\/\/colocationangers.com\/index.php\/maison-boulevard-bedier\/\">Maison Boulevard B\u00e9dier<\/a><br \/>\nProche du tramway, des \u00e9coles ESA, UCO, etc.. et de tous commerces.<\/td>\n<td><a href=\"http:\/\/colocationangers.com\/360Tour_25BdBedier\/\" target=\"_blank\" rel=\"noopener\"><img loading=\"lazy\" class=\"alignnone wp-image-36\" src=\"http:\/\/colocationangers.com\/wp-content\/uploads\/2019\/06\/logo-360\u00b0-300x154.png\" alt=\"\" width=\"185\" height=\"95\" srcset=\"http:\/\/colocationangers.com\/wp-content\/uploads\/2019\/06\/logo-360\u00b0-300x154.png 300w, http:\/\/colocationangers.com\/wp-content\/uploads\/2019\/06\/logo-360\u00b0.png 547w\" sizes=\"(max-width: 185px) 85vw, 185px\" \/><\/a><\/td>\n<\/tr>\n<tr>\n<td><img loading=\"lazy\" class=\"alignleft wp-image-11\" src=\"http:\/\/colocationangers.com\/wp-content\/uploads\/2019\/04\/IMG_0618-300x225.jpeg\" alt=\"\" width=\"233\" height=\"175\" srcset=\"http:\/\/colocationangers.com\/wp-content\/uploads\/2019\/04\/IMG_0618-300x225.jpeg 300w, http:\/\/colocationangers.com\/wp-content\/uploads\/2019\/04\/IMG_0618-768x576.jpeg 768w, http:\/\/colocationangers.com\/wp-content\/uploads\/2019\/04\/IMG_0618-1024x768.jpeg 1024w, http:\/\/colocationangers.com\/wp-content\/uploads\/2019\/04\/IMG_0618-1568x1176.jpeg 1568w, http:\/\/colocationangers.com\/wp-content\/uploads\/2019\/04\/IMG_0618.jpeg 2016w\" sizes=\"(max-width: 233px) 85vw, 233px\" \/><\/td>\n<td><a href=\"http:\/\/colocationangers.com\/index.php\/belle-beille-rue-louis-martin\/\" rel=\"noopener\">Belle Beille &#8211; rue Louis Martin<\/a><br \/>\nLa maison est id\u00e9alement situ\u00e9e \u00e0 500 m\u00e8tres des universit\u00e9s de Belle Beille.<\/td>\n<td><a href=\"http:\/\/colocationangers.com\/360Tour_BelleBeille\" target=\"_blank\" rel=\"noopener\"><img loading=\"lazy\" class=\"alignnone wp-image-36\" src=\"http:\/\/colocationangers.com\/wp-content\/uploads\/2019\/06\/logo-360\u00b0-300x154.png\" alt=\"\" width=\"185\" height=\"95\" srcset=\"http:\/\/colocationangers.com\/wp-content\/uploads\/2019\/06\/logo-360\u00b0-300x154.png 300w, http:\/\/colocationangers.com\/wp-content\/uploads\/2019\/06\/logo-360\u00b0.png 547w\" sizes=\"(max-width: 185px) 85vw, 185px\" \/><\/a><\/td>\n<\/tr>\n<tr>\n<td><img loading=\"lazy\" class=\"alignleft wp-image-11\" src=\"http:\/\/colocationangers.com\/wp-content\/uploads\/2019\/08\/Snapshot_201908213_180800.jpg\" alt=\"\" width=\"233\" height=\"175\"><\/td>\n<td><a href=\"http:\/\/colocationangers.com\/index.php\/madeleine-justice\/\">Madeleine &#8211; Justices<\/a><br \/>\nL&rsquo;appartement est id\u00e9alement situ\u00e9e \u00e0 1km m\u00e8tres de l&rsquo;UCO, l&rsquo;ESA, etc..<\/td>\n<td><a href=\"http:\/\/colocationangers.com\/360Tour-MadeleineJustices\" target=\"_blank\" rel=\"noopener\"><img loading=\"lazy\" class=\"alignnone wp-image-36\" src=\"http:\/\/colocationangers.com\/wp-content\/uploads\/2019\/06\/logo-360\u00b0-300x154.png\" alt=\"\" width=\"185\" height=\"95\" srcset=\"http:\/\/colocationangers.com\/wp-content\/uploads\/2019\/06\/logo-360\u00b0-300x154.png 300w, http:\/\/colocationangers.com\/wp-content\/uploads\/2019\/06\/logo-360\u00b0.png 547w\" sizes=\"(max-width: 185px) 85vw, 185px\" \/><\/a><\/td>\n<\/tr>\n<\/tbody>\n<\/table>\n\n<div class=\"wpcf7 no-js\" id=\"wpcf7-f45-o1\" lang=\"fr-FR\" dir=\"ltr\">\n<div class=\"screen-reader-response\"><p role=\"status\" aria-live=\"polite\" aria-atomic=\"true\"><\/p> <ul><\/ul><\/div>\n<form action=\"\/index.php\/wp-json\/wp\/v2\/pages\/2#wpcf7-f45-o1\" method=\"post\" class=\"wpcf7-form init\" aria-label=\"Formulaire de contact\" novalidate=\"novalidate\" data-status=\"init\">\n<div style=\"display: none;\">\n<input type=\"hidden\" name=\"_wpcf7\" value=\"45\" \/>\n<input type=\"hidden\" name=\"_wpcf7_version\" value=\"5.7.7\" \/>\n<input type=\"hidden\" name=\"_wpcf7_locale\" value=\"fr_FR\" \/>\n<input type=\"hidden\" name=\"_wpcf7_unit_tag\" value=\"wpcf7-f45-o1\" \/>\n<input type=\"hidden\" name=\"_wpcf7_container_post\" value=\"0\" \/>\n<input type=\"hidden\" name=\"_wpcf7_posted_data_hash\" value=\"\" \/>\n<\/div>\n<p>Si vous \u00eates int\u00e9ress\u00e9 par l'une de ces collocations:\n<\/p>\n<p><label> Votre nom (obligatoire)<br \/>\n<span class=\"wpcf7-form-control-wrap\" data-name=\"your-name\"><input size=\"40\" class=\"wpcf7-form-control wpcf7-text wpcf7-validates-as-required\" aria-required=\"true\" aria-invalid=\"false\" value=\"\" type=\"text\" name=\"your-name\" \/><\/span> <\/label>\n<\/p>\n<p><label> Votre adresse de messagerie (obligatoire)<br \/>\n<span class=\"wpcf7-form-control-wrap\" data-name=\"your-email\"><input size=\"40\" class=\"wpcf7-form-control wpcf7-text wpcf7-email wpcf7-validates-as-required wpcf7-validates-as-email\" aria-required=\"true\" aria-invalid=\"false\" value=\"\" type=\"email\" name=\"your-email\" \/><\/span> <\/label>\n<\/p>\n<p><label> Objet<br \/>\n<span class=\"wpcf7-form-control-wrap\" data-name=\"your-subject\"><input size=\"40\" class=\"wpcf7-form-control wpcf7-text\" aria-invalid=\"false\" value=\"\" type=\"text\" name=\"your-subject\" \/><\/span> <\/label>\n<\/p>\n<p><label> Votre message<br \/>\n<span class=\"wpcf7-form-control-wrap\" data-name=\"your-message\"><textarea cols=\"40\" rows=\"10\" class=\"wpcf7-form-control wpcf7-textarea\" aria-invalid=\"false\" name=\"your-message\"><\/textarea><\/span> <\/label>\n<\/p>\n<p><span class=\"wpcf7-form-control-wrap\" data-name=\"quiz-897\"><label><span class=\"wpcf7-quiz-label\">Chers humains pouvez vous r\u00e9pondre \u00e0 cette question: Quel pays a gagn\u00e9 la coupe du monde en 1998? (un seul mot)<\/span> <input size=\"40\" class=\"wpcf7-form-control wpcf7-quiz\" autocomplete=\"off\" aria-required=\"true\" aria-invalid=\"false\" type=\"text\" name=\"quiz-897\" \/><\/label><input type=\"hidden\" name=\"_wpcf7_quiz_answer_quiz-897\" value=\"fbeeb6ac49cc34122bb7e1fd58fd69f4\" \/><\/span>\n<\/p>\n<p><input class=\"wpcf7-form-control has-spinner wpcf7-submit\" type=\"submit\" value=\"Envoyer\" \/>\n<\/p><p style=\"display: none !important;\" class=\"akismet-fields-container\" data-prefix=\"_wpcf7_ak_\"><label>&#916;<textarea name=\"_wpcf7_ak_hp_textarea\" cols=\"45\" rows=\"8\" maxlength=\"100\"><\/textarea><\/label><input type=\"hidden\" id=\"ak_js_1\" name=\"_wpcf7_ak_js\" value=\"86\"\/><script>\ndocument.getElementById( \"ak_js_1\" ).setAttribute( \"value\", ( new Date() ).getTime() );\n<\/script>\n<\/p><div class=\"wpcf7-response-output\" aria-hidden=\"true\"><\/div>\n<\/form>\n<\/div>\n\n","protected":false},"excerpt":{"rendered":"<p>Maison Boulevard B\u00e9dier Proche du tramway, des \u00e9coles ESA, UCO, etc.. et de tous commerces. Belle Beille &#8211; rue Louis Martin La maison est id\u00e9alement situ\u00e9e \u00e0 500 m\u00e8tres des universit\u00e9s de Belle Beille. Madeleine &#8211; Justices L&rsquo;appartement est id\u00e9alement situ\u00e9e \u00e0 1km m\u00e8tres de l&rsquo;UCO, l&rsquo;ESA, etc..<\/p>\n","protected":false},"author":1,"featured_media":0,"parent":0,"menu_order":0,"comment_status":"closed","ping_status":"open","template":"","meta":[],"_links":{"self":[{"href":"http:\/\/colocationangers.com\/index.php\/wp-json\/wp\/v2\/pages\/2"}],"collection":[{"href":"http:\/\/colocationangers.com\/index.php\/wp-json\/wp\/v2\/pages"}],"about":[{"href":"http:\/\/colocationangers.com\/index.php\/wp-json\/wp\/v2\/types\/page"}],"author":[{"embeddable":true,"href":"http:\/\/colocationangers.com\/index.php\/wp-json\/wp\/v2\/users\/1"}],"replies":[{"embeddable":true,"href":"http:\/\/colocationangers.com\/index.php\/wp-json\/wp\/v2\/comments?post=2"}],"version-history":[{"count":28,"href":"http:\/\/colocationangers.com\/index.php\/wp-json\/wp\/v2\/pages\/2\/revisions"}],"predecessor-version":[{"id":86,"href":"http:\/\/colocationangers.com\/index.php\/wp-json\/wp\/v2\/pages\/2\/revisions\/86"}],"wp:attachment":[{"href":"http:\/\/colocationangers.com\/index.php\/wp-json\/wp\/v2\/media?parent=2"}],"curies":[{"name":"wp","href":"https:\/\/api.w.org\/{rel}","templated":true}]}}