{"id":49,"date":"2019-08-02T15:05:47","date_gmt":"2019-08-02T13:05:47","guid":{"rendered":"http:\/\/colocationangers.com\/?page_id=49"},"modified":"2021-02-17T18:03:46","modified_gmt":"2021-02-17T17:03:46","slug":"madeleine-justices","status":"publish","type":"page","link":"http:\/\/colocationangers.com\/index.php\/madeleine-justices\/","title":{"rendered":"Madeleine Justices"},"content":{"rendered":"\n<div class=\"wp-block-image\"><figure class=\"alignleft\"><img loading=\"lazy\" width=\"1024\" height=\"498\" src=\"http:\/\/colocationangers.com\/wp-content\/uploads\/2019\/08\/Snapshot_201908213_180800-1024x498.jpg\" alt=\"\" class=\"wp-image-48\" srcset=\"http:\/\/colocationangers.com\/wp-content\/uploads\/2019\/08\/Snapshot_201908213_180800-1024x498.jpg 1024w, http:\/\/colocationangers.com\/wp-content\/uploads\/2019\/08\/Snapshot_201908213_180800-300x146.jpg 300w, http:\/\/colocationangers.com\/wp-content\/uploads\/2019\/08\/Snapshot_201908213_180800-768x374.jpg 768w, http:\/\/colocationangers.com\/wp-content\/uploads\/2019\/08\/Snapshot_201908213_180800-1200x584.jpg 1200w\" sizes=\"(max-width: 709px) 85vw, (max-width: 909px) 67vw, (max-width: 1362px) 62vw, 840px\" \/><\/figure><\/div>\n\n\n\n<p>L&rsquo;appartement est id\u00e9alement situ\u00e9e \u00e0 moins de 500m de l&rsquo;ESA, l&rsquo;UCO et autres.<\/p>\n\n\n\n<p>Il est \u00e9galement proche du centre ville \u00e0 15 minutes \u00e0 pieds. <\/p>\n\n\n\n<p>Les commerces sont \u00e9galement \u00e0 proximit\u00e9 avec une boulangerie en face et un Super U \u00e0 150m.<br><\/p>\n\n\n<p>Visite virtuelle: <a href=\"http:\/\/colocationangers.com\/360Tour-MadeleineJustices\" target=\"_blank\" rel=\"noopener noreferrer\"><img loading=\"lazy\" class=\"alignnone wp-image-36\" src=\"http:\/\/colocationangers.com\/wp-content\/uploads\/2019\/06\/logo-360\u00b0-300x154.png\" alt=\"\" width=\"125\" height=\"64\" srcset=\"http:\/\/colocationangers.com\/wp-content\/uploads\/2019\/06\/logo-360\u00b0-300x154.png 300w, http:\/\/colocationangers.com\/wp-content\/uploads\/2019\/06\/logo-360\u00b0.png 547w\" sizes=\"(max-width: 125px) 85vw, 125px\" \/><\/a><\/p>\n\n\n<p>La colocation se compose de 4 chambres privatives dont une poss\u00e9dant sa propre salle de bain, un grand salon, cuisine, salle de bain et WC ind\u00e9pendant.<\/p>\n","protected":false},"excerpt":{"rendered":"<p>L&rsquo;appartement est id\u00e9alement situ\u00e9e \u00e0 moins de 500m de l&rsquo;ESA, l&rsquo;UCO et autres. Il est \u00e9galement proche du centre ville \u00e0 15 minutes \u00e0 pieds. Les commerces sont \u00e9galement \u00e0 proximit\u00e9 avec une boulangerie en face et un Super U \u00e0 150m. Visite virtuelle: La colocation se compose de 4 chambres privatives dont une poss\u00e9dant &hellip; <a href=\"http:\/\/colocationangers.com\/index.php\/madeleine-justices\/\" class=\"more-link\">Continuer la lecture<span class=\"screen-reader-text\"> de &laquo;&nbsp;Madeleine Justices&nbsp;&raquo;<\/span><\/a><\/p>\n","protected":false},"author":1,"featured_media":0,"parent":0,"menu_order":0,"comment_status":"closed","ping_status":"closed","template":"","meta":[],"_links":{"self":[{"href":"http:\/\/colocationangers.com\/index.php\/wp-json\/wp\/v2\/pages\/49"}],"collection":[{"href":"http:\/\/colocationangers.com\/index.php\/wp-json\/wp\/v2\/pages"}],"about":[{"href":"http:\/\/colocationangers.com\/index.php\/wp-json\/wp\/v2\/types\/page"}],"author":[{"embeddable":true,"href":"http:\/\/colocationangers.com\/index.php\/wp-json\/wp\/v2\/users\/1"}],"replies":[{"embeddable":true,"href":"http:\/\/colocationangers.com\/index.php\/wp-json\/wp\/v2\/comments?post=49"}],"version-history":[{"count":3,"href":"http:\/\/colocationangers.com\/index.php\/wp-json\/wp\/v2\/pages\/49\/revisions"}],"predecessor-version":[{"id":77,"href":"http:\/\/colocationangers.com\/index.php\/wp-json\/wp\/v2\/pages\/49\/revisions\/77"}],"wp:attachment":[{"href":"http:\/\/colocationangers.com\/index.php\/wp-json\/wp\/v2\/media?parent=49"}],"curies":[{"name":"wp","href":"https:\/\/api.w.org\/{rel}","templated":true}]}}